{"id":53,"date":"2023-02-20T18:02:10","date_gmt":"2023-02-20T18:02:10","guid":{"rendered":"http:\/\/zorteft.cluster028.hosting.ovh.net\/zortefotografia.com\/?page_id=53"},"modified":"2025-07-09T15:25:17","modified_gmt":"2025-07-09T15:25:17","slug":"contacto","status":"publish","type":"page","link":"https:\/\/zortefotografia.com\/?page_id=53","title":{"rendered":"Contacto"},"content":{"rendered":"\n<p class=\"has-text-align-center has-intrace-background-color has-intrace-primary-background-color has-text-color has-background has-link-color has-normal-font-size wp-elements-6716aefc1d9141c50861b35be64a5e78\">Para poder contactar con nosotros puedes hacerlo de dos formas<\/p>\n\n\n\n<hr class=\"wp-block-separator has-alpha-channel-opacity\"\/>\n\n\n\n<p class=\"has-text-align-center has-intrace-background-color has-intrace-primary-background-color has-text-color has-background has-link-color has-normal-font-size wp-elements-80c36e272b615bc0b51059ecdf917c2e\">Por correo electr\u00f3nico a este <a href=\"mailto:inmibiliaria@zortefotografia.com\" data-type=\"mailto\" data-id=\"mailto:inmibiliaria@zortefotografia.com\">email<\/a><\/p>\n\n\n\n<p class=\"has-text-align-center has-intrace-background-color has-intrace-primary-background-color has-text-color has-background has-link-color has-normal-font-size wp-elements-a57ae62e62fad64ee4b697df954eedb0\">Y tambi\u00e9n por tel\u00e9fono m\u00f3vil al 667 382 670<\/p>\n\n\n\n<p class=\"has-intrace-background-background-color has-background\"><\/p>\n\n\n\n<p><\/p>\n","protected":false},"excerpt":{"rendered":"<p>Para poder contactar con nosotros puedes hacerlo de dos formas Por correo electr\u00f3nico a este email Y tambi\u00e9n por tel\u00e9fono m\u00f3vil al 667 382 670<\/p>\n","protected":false},"author":1,"featured_media":0,"parent":0,"menu_order":0,"comment_status":"closed","ping_status":"closed","template":"","meta":{"om_disable_all_campaigns":false,"_monsterinsights_skip_tracking":false,"_monsterinsights_sitenote_active":false,"_monsterinsights_sitenote_note":"","_monsterinsights_sitenote_category":0,"footnotes":""},"class_list":["post-53","page","type-page","status-publish","hentry"],"_links":{"self":[{"href":"https:\/\/zortefotografia.com\/index.php?rest_route=\/wp\/v2\/pages\/53","targetHints":{"allow":["GET"]}}],"collection":[{"href":"https:\/\/zortefotografia.com\/index.php?rest_route=\/wp\/v2\/pages"}],"about":[{"href":"https:\/\/zortefotografia.com\/index.php?rest_route=\/wp\/v2\/types\/page"}],"author":[{"embeddable":true,"href":"https:\/\/zortefotografia.com\/index.php?rest_route=\/wp\/v2\/users\/1"}],"replies":[{"embeddable":true,"href":"https:\/\/zortefotografia.com\/index.php?rest_route=%2Fwp%2Fv2%2Fcomments&post=53"}],"version-history":[{"count":8,"href":"https:\/\/zortefotografia.com\/index.php?rest_route=\/wp\/v2\/pages\/53\/revisions"}],"predecessor-version":[{"id":9287,"href":"https:\/\/zortefotografia.com\/index.php?rest_route=\/wp\/v2\/pages\/53\/revisions\/9287"}],"wp:attachment":[{"href":"https:\/\/zortefotografia.com\/index.php?rest_route=%2Fwp%2Fv2%2Fmedia&parent=53"}],"curies":[{"name":"wp","href":"https:\/\/api.w.org\/{rel}","templated":true}]}}